{"id":266,"date":"2024-08-22T11:04:40","date_gmt":"2024-08-22T09:04:40","guid":{"rendered":"https:\/\/www.contractor.sk\/?page_id=266"},"modified":"2025-03-10T10:00:33","modified_gmt":"2025-03-10T09:00:33","slug":"strojove-omietky","status":"publish","type":"page","link":"https:\/\/www.contractor.sk\/index.php\/strojove-omietky\/","title":{"rendered":"Strojov\u00e9 omietky"},"content":{"rendered":"\n<p>Strojov\u00e9 omietky s\u00fa r\u00fdchle a efekt\u00edvne rie\u0161enie pre omietanie va\u0161ich stien a stropov. V\u010faka modernej technol\u00f3gii aplik\u00e1cie dosahuj\u00fa dokonale hladk\u00fd a rovnomern\u00fd povrch v krat\u0161om \u010dase ako tradi\u010dn\u00e9 ru\u010dn\u00e9 omietky. Tento proces zni\u017euje pracovn\u00e9 n\u00e1klady a zabezpe\u010duje vysok\u00fa kvalitu prevedenia. Strojov\u00e9 omietky s\u00fa vhodn\u00e9 pre r\u00f4zne typy podkladov, \u010di u\u017e ide o novostavby alebo rekon\u0161trukcie. Okrem estetick\u00e9ho vzh\u013eadu zlep\u0161uj\u00fa aj izola\u010dn\u00e9 vlastnosti a ochranu va\u0161ich stien. Zvo\u013ete strojov\u00e9 omietky pre r\u00fdchle, prec\u00edzne a trv\u00e1cne v\u00fdsledky, ktor\u00e9 zv\u00fd\u0161ia hodnotu v\u00e1\u0161ho b\u00fdvania!<\/p>\n\n\n\n<div class=\"wp-block-columns is-layout-flex wp-container-core-columns-is-layout-9d6595d7 wp-block-columns-is-layout-flex\">\n<div class=\"wp-block-column is-layout-flow wp-block-column-is-layout-flow\" style=\"flex-basis:25%\"><\/div>\n\n\n\n<div class=\"wp-block-column is-layout-flow wp-block-column-is-layout-flow\" style=\"flex-basis:50%\">\n<figure class=\"wp-block-video\"><video height=\"850\" style=\"aspect-ratio: 478 \/ 850;\" width=\"478\" controls src=\"https:\/\/www.contractor.sk\/wp-content\/uploads\/2025\/03\/WhatsApp-Video-2025-03-04-at-08.49.11.mp4\"><\/video><\/figure>\n<\/div>\n\n\n\n<div class=\"wp-block-column is-layout-flow wp-block-column-is-layout-flow\" style=\"flex-basis:25%\"><\/div>\n<\/div>\n\n\n<div class=\"bde-gallery-267-100-267-1 bde-gallery bde-gallery-267-100\">\n\n\n  \n\n\n\n\n\n\n\n\n\n\n<div class=\"ee-gallery ee-gallery--default ee-gallery--grid ee-gallery-- ee-gallery--lightbox ee-gallery--zoom-in ee-gallery--caption- ee-gallery--caption-none ee-gallery--ratio\">\n                  \n      <a class=\"ee-gallery-item ee-gallery-item--image ee-gallery-item--single\" href=\"https:\/\/www.contractor.sk\/wp-content\/uploads\/2024\/08\/20220728_125800.jpg\"  data-sub-html=\"\" data-category=\"1\"                  data-lg-size=\"1430-1920\"\n\n      >\n        <figure class=\"ee-gallery-item-figure\">\n                        <img decoding=\"async\" class=\"breakdance-image-object\" src=\"https:\/\/www.contractor.sk\/wp-content\/uploads\/2024\/08\/20220728_125800-763x1024.jpg\" width=\"763\" height=\"1024\" srcset=\"https:\/\/www.contractor.sk\/wp-content\/uploads\/2024\/08\/20220728_125800.jpg 1430w, https:\/\/www.contractor.sk\/wp-content\/uploads\/2024\/08\/20220728_125800-223x300.jpg 223w, https:\/\/www.contractor.sk\/wp-content\/uploads\/2024\/08\/20220728_125800-763x1024.jpg 763w, https:\/\/www.contractor.sk\/wp-content\/uploads\/2024\/08\/20220728_125800-768x1031.jpg 768w, https:\/\/www.contractor.sk\/wp-content\/uploads\/2024\/08\/20220728_125800-1144x1536.jpg 1144w\" sizes=\"(max-width: 1430px) 100vw, 1430px\">\n          \n                  <\/figure>\n      <\/a>\n\n                \n      <a class=\"ee-gallery-item ee-gallery-item--image ee-gallery-item--single\" href=\"https:\/\/www.contractor.sk\/wp-content\/uploads\/2024\/08\/20220728_130936.jpg\"  data-sub-html=\"\" data-category=\"1\"                  data-lg-size=\"1920-1440\"\n\n      >\n        <figure class=\"ee-gallery-item-figure\">\n                        <img decoding=\"async\" class=\"breakdance-image-object\" src=\"https:\/\/www.contractor.sk\/wp-content\/uploads\/2024\/08\/20220728_130936-1024x768.jpg\" width=\"1024\" height=\"768\" srcset=\"https:\/\/www.contractor.sk\/wp-content\/uploads\/2024\/08\/20220728_130936.jpg 1920w, https:\/\/www.contractor.sk\/wp-content\/uploads\/2024\/08\/20220728_130936-300x225.jpg 300w, https:\/\/www.contractor.sk\/wp-content\/uploads\/2024\/08\/20220728_130936-1024x768.jpg 1024w, https:\/\/www.contractor.sk\/wp-content\/uploads\/2024\/08\/20220728_130936-768x576.jpg 768w, https:\/\/www.contractor.sk\/wp-content\/uploads\/2024\/08\/20220728_130936-1536x1152.jpg 1536w\" sizes=\"(max-width: 1920px) 100vw, 1920px\">\n          \n                  <\/figure>\n      <\/a>\n\n                \n      <a class=\"ee-gallery-item ee-gallery-item--image ee-gallery-item--single\" href=\"https:\/\/www.contractor.sk\/wp-content\/uploads\/2024\/08\/20220728_130934.jpg\"  data-sub-html=\"\" data-category=\"1\"                  data-lg-size=\"1920-1440\"\n\n      >\n        <figure class=\"ee-gallery-item-figure\">\n                        <img decoding=\"async\" class=\"breakdance-image-object\" src=\"https:\/\/www.contractor.sk\/wp-content\/uploads\/2024\/08\/20220728_130934-1024x768.jpg\" width=\"1024\" height=\"768\" srcset=\"https:\/\/www.contractor.sk\/wp-content\/uploads\/2024\/08\/20220728_130934.jpg 1920w, https:\/\/www.contractor.sk\/wp-content\/uploads\/2024\/08\/20220728_130934-300x225.jpg 300w, https:\/\/www.contractor.sk\/wp-content\/uploads\/2024\/08\/20220728_130934-1024x768.jpg 1024w, https:\/\/www.contractor.sk\/wp-content\/uploads\/2024\/08\/20220728_130934-768x576.jpg 768w, https:\/\/www.contractor.sk\/wp-content\/uploads\/2024\/08\/20220728_130934-1536x1152.jpg 1536w\" sizes=\"(max-width: 1920px) 100vw, 1920px\">\n          \n                  <\/figure>\n      <\/a>\n\n        \n  <\/div>\n\n\n\n<\/div>\n","protected":false},"excerpt":{"rendered":"<p>Strojov\u00e9 omietky s\u00fa r\u00fdchle a efekt\u00edvne rie\u0161enie pre omietanie va\u0161ich stien a stropov. V\u010faka modernej technol\u00f3gii aplik\u00e1cie dosahuj\u00fa dokonale hladk\u00fd a rovnomern\u00fd povrch v krat\u0161om \u010dase ako tradi\u010dn\u00e9 ru\u010dn\u00e9 omietky. Tento proces zni\u017euje pracovn\u00e9 n\u00e1klady a zabezpe\u010duje vysok\u00fa kvalitu prevedenia. Strojov\u00e9 omietky s\u00fa vhodn\u00e9 pre r\u00f4zne typy podkladov, \u010di u\u017e ide o novostavby alebo rekon\u0161trukcie. [&hellip;]<\/p>\n","protected":false},"author":1,"featured_media":269,"parent":0,"menu_order":0,"comment_status":"closed","ping_status":"closed","template":"","meta":{"_breakdance_hide_in_design_set":false,"_breakdance_tags":"","footnotes":""},"class_list":["post-266","page","type-page","status-publish","has-post-thumbnail","hentry"],"yoast_head":"<!-- This site is optimized with the Yoast SEO plugin v25.3.1 - https:\/\/yoast.com\/wordpress\/plugins\/seo\/ -->\n<title>Strojov\u00e9 omietky - contractor-eu<\/title>\n<meta name=\"robots\" content=\"index, follow, max-snippet:-1, max-image-preview:large, max-video-preview:-1\" \/>\n<link rel=\"canonical\" href=\"https:\/\/www.contractor.sk\/index.php\/strojove-omietky\/\" \/>\n<meta property=\"og:locale\" content=\"sk_SK\" \/>\n<meta property=\"og:type\" content=\"article\" \/>\n<meta property=\"og:title\" content=\"Strojov\u00e9 omietky - contractor-eu\" \/>\n<meta property=\"og:description\" content=\"Strojov\u00e9 omietky s\u00fa r\u00fdchle a efekt\u00edvne rie\u0161enie pre omietanie va\u0161ich stien a stropov. V\u010faka modernej technol\u00f3gii aplik\u00e1cie dosahuj\u00fa dokonale hladk\u00fd a rovnomern\u00fd povrch v krat\u0161om \u010dase ako tradi\u010dn\u00e9 ru\u010dn\u00e9 omietky. Tento proces zni\u017euje pracovn\u00e9 n\u00e1klady a zabezpe\u010duje vysok\u00fa kvalitu prevedenia. Strojov\u00e9 omietky s\u00fa vhodn\u00e9 pre r\u00f4zne typy podkladov, \u010di u\u017e ide o novostavby alebo rekon\u0161trukcie. [&hellip;]\" \/>\n<meta property=\"og:url\" content=\"https:\/\/www.contractor.sk\/index.php\/strojove-omietky\/\" \/>\n<meta property=\"og:site_name\" content=\"contractor-eu\" \/>\n<meta property=\"article:publisher\" content=\"https:\/\/www.facebook.com\/profile.php?id=61566364319986\" \/>\n<meta property=\"article:modified_time\" content=\"2025-03-10T09:00:33+00:00\" \/>\n<meta property=\"og:image\" content=\"https:\/\/www.contractor.sk\/wp-content\/uploads\/2024\/08\/20220728_130936.jpg\" \/>\n\t<meta property=\"og:image:width\" content=\"1920\" \/>\n\t<meta property=\"og:image:height\" content=\"1440\" \/>\n\t<meta property=\"og:image:type\" content=\"image\/jpeg\" \/>\n<meta name=\"twitter:card\" content=\"summary_large_image\" \/>\n<meta name=\"twitter:label1\" content=\"Predpokladan\u00fd \u010das \u010d\u00edtania\" \/>\n\t<meta name=\"twitter:data1\" content=\"1 min\u00fata\" \/>\n<script type=\"application\/ld+json\" class=\"yoast-schema-graph\">{\"@context\":\"https:\/\/schema.org\",\"@graph\":[{\"@type\":\"WebPage\",\"@id\":\"https:\/\/www.contractor.sk\/index.php\/strojove-omietky\/\",\"url\":\"https:\/\/www.contractor.sk\/index.php\/strojove-omietky\/\",\"name\":\"Strojov\u00e9 omietky - contractor-eu\",\"isPartOf\":{\"@id\":\"https:\/\/www.contractor.sk\/#website\"},\"primaryImageOfPage\":{\"@id\":\"https:\/\/www.contractor.sk\/index.php\/strojove-omietky\/#primaryimage\"},\"image\":{\"@id\":\"https:\/\/www.contractor.sk\/index.php\/strojove-omietky\/#primaryimage\"},\"thumbnailUrl\":\"https:\/\/www.contractor.sk\/wp-content\/uploads\/2024\/08\/20220728_130936.jpg\",\"datePublished\":\"2024-08-22T09:04:40+00:00\",\"dateModified\":\"2025-03-10T09:00:33+00:00\",\"breadcrumb\":{\"@id\":\"https:\/\/www.contractor.sk\/index.php\/strojove-omietky\/#breadcrumb\"},\"inLanguage\":\"sk-SK\",\"potentialAction\":[{\"@type\":\"ReadAction\",\"target\":[\"https:\/\/www.contractor.sk\/index.php\/strojove-omietky\/\"]}]},{\"@type\":\"ImageObject\",\"inLanguage\":\"sk-SK\",\"@id\":\"https:\/\/www.contractor.sk\/index.php\/strojove-omietky\/#primaryimage\",\"url\":\"https:\/\/www.contractor.sk\/wp-content\/uploads\/2024\/08\/20220728_130936.jpg\",\"contentUrl\":\"https:\/\/www.contractor.sk\/wp-content\/uploads\/2024\/08\/20220728_130936.jpg\",\"width\":1920,\"height\":1440},{\"@type\":\"BreadcrumbList\",\"@id\":\"https:\/\/www.contractor.sk\/index.php\/strojove-omietky\/#breadcrumb\",\"itemListElement\":[{\"@type\":\"ListItem\",\"position\":1,\"name\":\"Domovsk\u00e1 str\u00e1nka\",\"item\":\"https:\/\/www.contractor.sk\/\"},{\"@type\":\"ListItem\",\"position\":2,\"name\":\"Strojov\u00e9 omietky\"}]},{\"@type\":\"WebSite\",\"@id\":\"https:\/\/www.contractor.sk\/#website\",\"url\":\"https:\/\/www.contractor.sk\/\",\"name\":\"contractor-eu\",\"description\":\"fas\u00e1dy, zateplenie, strojov\u00e9 omietky, potery, ma\u013eby, rekon\u0161trukcie, sadrokart\u00f3ny, pren\u00e1jom le\u0161enia - Star\u00e1 \u013dubov\u0148a, Poprad, Pre\u0161ov, Ke\u017emarok\",\"publisher\":{\"@id\":\"https:\/\/www.contractor.sk\/#organization\"},\"potentialAction\":[{\"@type\":\"SearchAction\",\"target\":{\"@type\":\"EntryPoint\",\"urlTemplate\":\"https:\/\/www.contractor.sk\/?s={search_term_string}\"},\"query-input\":{\"@type\":\"PropertyValueSpecification\",\"valueRequired\":true,\"valueName\":\"search_term_string\"}}],\"inLanguage\":\"sk-SK\"},{\"@type\":\"Organization\",\"@id\":\"https:\/\/www.contractor.sk\/#organization\",\"name\":\"contractor-eu\",\"url\":\"https:\/\/www.contractor.sk\/\",\"logo\":{\"@type\":\"ImageObject\",\"inLanguage\":\"sk-SK\",\"@id\":\"https:\/\/www.contractor.sk\/#\/schema\/logo\/image\/\",\"url\":\"https:\/\/www.contractor.sk\/wp-content\/uploads\/2024\/08\/c-text.svg\",\"contentUrl\":\"https:\/\/www.contractor.sk\/wp-content\/uploads\/2024\/08\/c-text.svg\",\"width\":1,\"height\":1,\"caption\":\"contractor-eu\"},\"image\":{\"@id\":\"https:\/\/www.contractor.sk\/#\/schema\/logo\/image\/\"},\"sameAs\":[\"https:\/\/www.facebook.com\/profile.php?id=61566364319986\"]}]}<\/script>\n<!-- \/ Yoast SEO plugin. -->","yoast_head_json":{"title":"Strojov\u00e9 omietky - contractor-eu","robots":{"index":"index","follow":"follow","max-snippet":"max-snippet:-1","max-image-preview":"max-image-preview:large","max-video-preview":"max-video-preview:-1"},"canonical":"https:\/\/www.contractor.sk\/index.php\/strojove-omietky\/","og_locale":"sk_SK","og_type":"article","og_title":"Strojov\u00e9 omietky - contractor-eu","og_description":"Strojov\u00e9 omietky s\u00fa r\u00fdchle a efekt\u00edvne rie\u0161enie pre omietanie va\u0161ich stien a stropov. V\u010faka modernej technol\u00f3gii aplik\u00e1cie dosahuj\u00fa dokonale hladk\u00fd a rovnomern\u00fd povrch v krat\u0161om \u010dase ako tradi\u010dn\u00e9 ru\u010dn\u00e9 omietky. Tento proces zni\u017euje pracovn\u00e9 n\u00e1klady a zabezpe\u010duje vysok\u00fa kvalitu prevedenia. Strojov\u00e9 omietky s\u00fa vhodn\u00e9 pre r\u00f4zne typy podkladov, \u010di u\u017e ide o novostavby alebo rekon\u0161trukcie. [&hellip;]","og_url":"https:\/\/www.contractor.sk\/index.php\/strojove-omietky\/","og_site_name":"contractor-eu","article_publisher":"https:\/\/www.facebook.com\/profile.php?id=61566364319986","article_modified_time":"2025-03-10T09:00:33+00:00","og_image":[{"width":1920,"height":1440,"url":"https:\/\/www.contractor.sk\/wp-content\/uploads\/2024\/08\/20220728_130936.jpg","type":"image\/jpeg"}],"twitter_card":"summary_large_image","twitter_misc":{"Predpokladan\u00fd \u010das \u010d\u00edtania":"1 min\u00fata"},"schema":{"@context":"https:\/\/schema.org","@graph":[{"@type":"WebPage","@id":"https:\/\/www.contractor.sk\/index.php\/strojove-omietky\/","url":"https:\/\/www.contractor.sk\/index.php\/strojove-omietky\/","name":"Strojov\u00e9 omietky - contractor-eu","isPartOf":{"@id":"https:\/\/www.contractor.sk\/#website"},"primaryImageOfPage":{"@id":"https:\/\/www.contractor.sk\/index.php\/strojove-omietky\/#primaryimage"},"image":{"@id":"https:\/\/www.contractor.sk\/index.php\/strojove-omietky\/#primaryimage"},"thumbnailUrl":"https:\/\/www.contractor.sk\/wp-content\/uploads\/2024\/08\/20220728_130936.jpg","datePublished":"2024-08-22T09:04:40+00:00","dateModified":"2025-03-10T09:00:33+00:00","breadcrumb":{"@id":"https:\/\/www.contractor.sk\/index.php\/strojove-omietky\/#breadcrumb"},"inLanguage":"sk-SK","potentialAction":[{"@type":"ReadAction","target":["https:\/\/www.contractor.sk\/index.php\/strojove-omietky\/"]}]},{"@type":"ImageObject","inLanguage":"sk-SK","@id":"https:\/\/www.contractor.sk\/index.php\/strojove-omietky\/#primaryimage","url":"https:\/\/www.contractor.sk\/wp-content\/uploads\/2024\/08\/20220728_130936.jpg","contentUrl":"https:\/\/www.contractor.sk\/wp-content\/uploads\/2024\/08\/20220728_130936.jpg","width":1920,"height":1440},{"@type":"BreadcrumbList","@id":"https:\/\/www.contractor.sk\/index.php\/strojove-omietky\/#breadcrumb","itemListElement":[{"@type":"ListItem","position":1,"name":"Domovsk\u00e1 str\u00e1nka","item":"https:\/\/www.contractor.sk\/"},{"@type":"ListItem","position":2,"name":"Strojov\u00e9 omietky"}]},{"@type":"WebSite","@id":"https:\/\/www.contractor.sk\/#website","url":"https:\/\/www.contractor.sk\/","name":"contractor-eu","description":"fas\u00e1dy, zateplenie, strojov\u00e9 omietky, potery, ma\u013eby, rekon\u0161trukcie, sadrokart\u00f3ny, pren\u00e1jom le\u0161enia - Star\u00e1 \u013dubov\u0148a, Poprad, Pre\u0161ov, Ke\u017emarok","publisher":{"@id":"https:\/\/www.contractor.sk\/#organization"},"potentialAction":[{"@type":"SearchAction","target":{"@type":"EntryPoint","urlTemplate":"https:\/\/www.contractor.sk\/?s={search_term_string}"},"query-input":{"@type":"PropertyValueSpecification","valueRequired":true,"valueName":"search_term_string"}}],"inLanguage":"sk-SK"},{"@type":"Organization","@id":"https:\/\/www.contractor.sk\/#organization","name":"contractor-eu","url":"https:\/\/www.contractor.sk\/","logo":{"@type":"ImageObject","inLanguage":"sk-SK","@id":"https:\/\/www.contractor.sk\/#\/schema\/logo\/image\/","url":"https:\/\/www.contractor.sk\/wp-content\/uploads\/2024\/08\/c-text.svg","contentUrl":"https:\/\/www.contractor.sk\/wp-content\/uploads\/2024\/08\/c-text.svg","width":1,"height":1,"caption":"contractor-eu"},"image":{"@id":"https:\/\/www.contractor.sk\/#\/schema\/logo\/image\/"},"sameAs":["https:\/\/www.facebook.com\/profile.php?id=61566364319986"]}]}},"_links":{"self":[{"href":"https:\/\/www.contractor.sk\/index.php\/wp-json\/wp\/v2\/pages\/266","targetHints":{"allow":["GET"]}}],"collection":[{"href":"https:\/\/www.contractor.sk\/index.php\/wp-json\/wp\/v2\/pages"}],"about":[{"href":"https:\/\/www.contractor.sk\/index.php\/wp-json\/wp\/v2\/types\/page"}],"author":[{"embeddable":true,"href":"https:\/\/www.contractor.sk\/index.php\/wp-json\/wp\/v2\/users\/1"}],"replies":[{"embeddable":true,"href":"https:\/\/www.contractor.sk\/index.php\/wp-json\/wp\/v2\/comments?post=266"}],"version-history":[{"count":2,"href":"https:\/\/www.contractor.sk\/index.php\/wp-json\/wp\/v2\/pages\/266\/revisions"}],"predecessor-version":[{"id":327,"href":"https:\/\/www.contractor.sk\/index.php\/wp-json\/wp\/v2\/pages\/266\/revisions\/327"}],"wp:featuredmedia":[{"embeddable":true,"href":"https:\/\/www.contractor.sk\/index.php\/wp-json\/wp\/v2\/media\/269"}],"wp:attachment":[{"href":"https:\/\/www.contractor.sk\/index.php\/wp-json\/wp\/v2\/media?parent=266"}],"curies":[{"name":"wp","href":"https:\/\/api.w.org\/{rel}","templated":true}]}}